{"id":19911,"date":"2026-02-19T21:40:56","date_gmt":"2026-02-19T21:40:56","guid":{"rendered":"https:\/\/divenemo.com\/de\/?page_id=19911"},"modified":"2026-04-18T07:42:37","modified_gmt":"2026-04-18T07:42:37","slug":"tauchen-hurghada-preise","status":"publish","type":"page","link":"https:\/\/divenemo.com\/de\/tauchen-hurghada-preise\/","title":{"rendered":"Tauchen Hurghada preise"},"content":{"rendered":"\n<h2 class=\"wp-block-heading\" id=\"h-unsere-tauchen-hurghada-preise-sind-transparent-und-fair-kalkuliert\">Unsere Tauchen Hurghada Preise sind transparent und fair kalkuliert. <\/h2>\n\n\n\n<p>Hier finden Sie unsere aktuellen Preise f\u00fcr PADI Tauchkurse und t\u00e4gliches Tauchen in Hurghada. Alle Preise sind transparent und beinhalten professionelle Betreuung, moderne Ausr\u00fcstung sowie Transfers innerhalb von Hurghada.<\/p>\n\n\n\n<hr class=\"wp-block-separator has-alpha-channel-opacity\"\/>\n\n\n\n<h2 class=\"wp-block-heading\" id=\"h-padi-tauchkurse\">PADI Tauchkurse <\/h2>\n\n\n\n<h3 class=\"wp-block-heading\" id=\"h-padi-open-water-kurs-350\"><strong>PADI Open Water Kurs \u2013 350\u20ac<\/strong><\/h3>\n\n\n\n<p>\u2714 Dauer: 3\u20134 Tage<br>\u2714 Internationale PADI-Zertifizierung<br>\u2714 Komplette Tauchausr\u00fcstung inklusive<br>\u2714 Transfers innerhalb von Hurghada inklusive<\/p>\n\n\n\n<h3 class=\"wp-block-heading\" id=\"h-advanced-open-water-kurs-250\"><strong>Advanced Open Water Kurs \u2013 250\u20ac<\/strong><\/h3>\n\n\n\n<p>\u2714 Dauer: 2 Tage<br>\u2714 5 Spezialtauchg\u00e4nge<br>\u2714 Ausr\u00fcstung inklusive<\/p>\n\n\n\n<h3 class=\"wp-block-heading\" id=\"h-rescue-diver-kurs-300\"><strong>Rescue Diver Kurs 300\u20ac<\/strong><\/h3>\n\n\n\n<h3 class=\"wp-block-heading\" id=\"h-divemaster-1100\"><strong>Divemaster 1100\u20ac<\/strong><\/h3>\n\n\n\n<h3 class=\"wp-block-heading\" id=\"h-spezialkurse\">Spezialkurse<\/h3>\n\n\n\n<p>Deep Diver \u2013 200\u20ac<br>Nitrox (EANx) \u2013 200\u20ac<br>Wreck Diver \u2013 200\u20ac<br>Night Diver \u2013 400\u20ac<\/p>\n\n\n\n<hr class=\"wp-block-separator has-alpha-channel-opacity\"\/>\n\n\n\n<h2 class=\"wp-block-heading\" id=\"h-tauchen-hurghada-preise-tagliches-tauchen-preise\">Tauchen Hurghada Preise &#8211; T\u00e4gliches Tauchen \u2013 Preise<\/h2>\n\n\n\n<p>\u2714 2 Tauchg\u00e4nge pro Tag &amp; Ausr\u00fcstung inklusive<br>\u2714 Mittagessen &amp; Getr\u00e4nke an Bord<br>\u2714 Transfers innerhalb von Hurghada inklusive<\/p>\n\n\n\n<h3 class=\"wp-block-heading\" id=\"h-1-tag-2-tauchgange-50\"><strong><a href=\"https:\/\/divenemo.com\/de\/hurghada\/tauchen-in-hurghada\/\">1 Tag (2 Tauchg\u00e4nge) \u2013 50\u20ac<\/a><\/strong><\/h3>\n\n\n\n<h3 class=\"wp-block-heading\" id=\"h-2-tage-paket-95\"><strong>2 Tage Paket \u2013 95\u20ac<\/strong><\/h3>\n\n\n\n<h3 class=\"wp-block-heading\" id=\"h-3-tage-paket-137\"><strong>3 Tage Paket \u2013 137\u20ac<\/strong><\/h3>\n\n\n\n<h3 class=\"wp-block-heading\" id=\"h-4-tage-paket-180\"><strong>4 Tage Paket \u2013 180\u20ac<\/strong><\/h3>\n\n\n\n<h3 class=\"wp-block-heading\" id=\"h-5-tage-paket-220\"><strong>5 Tage Paket \u2013 220\u20ac<\/strong><\/h3>\n\n\n\n<h3 class=\"wp-block-heading\" id=\"h-6-tage-paket-265\"><strong>6 Tage Paket \u2013 265\u20ac<\/strong><\/h3>\n\n\n\n<h3 class=\"wp-block-heading\" id=\"h-7-tage-paket-303\"><strong>7 Tage Paket \u2013 303\u20ac<\/strong><\/h3>\n\n\n\n<h3 class=\"wp-block-heading\" id=\"h-8-tage-paket-345\"><strong>8 Tage Paket \u2013 345\u20ac<\/strong><\/h3>\n\n\n\n<h3 class=\"wp-block-heading\" id=\"h-9-tage-paket-386\"><strong>9 Tage Paket \u2013 386\u20ac<\/strong><\/h3>\n\n\n\n<h3 class=\"wp-block-heading\" id=\"h-10-tage-paket-425\"><strong>10 Tage Paket \u2013 425\u20ac<\/strong><\/h3>\n\n\n\n<hr class=\"wp-block-separator has-alpha-channel-opacity\"\/>\n\n\n\n<h2 class=\"wp-block-heading\" id=\"h-schnuppertauchen\">Schnuppertauchen<\/h2>\n\n\n\n<h3 class=\"wp-block-heading\" id=\"h-discover-scuba-diving-50\"><strong><a href=\"https:\/\/divenemo.com\/de\/hurghada\/schnuppertauchen-hurghada\/\">Discover Scuba Diving<\/a> \u2013 50 \u20ac<\/strong><\/h3>\n\n\n\n<p>\u2714 Keine Vorerfahrung notwendig<br>\u2714 1\u20132 Tauchg\u00e4nge<br>\u2714 Pers\u00f6nliche Betreuung durch erfahrene PADI-Instruktoren<\/p>\n\n\n\n<hr class=\"wp-block-separator has-alpha-channel-opacity\"\/>\n\n\n\n<h2 class=\"wp-block-heading\" id=\"h-jetzt-buchen\">Jetzt buchen<\/h2>\n\n\n\n<p>Kontaktieren Sie uns direkt per WhatsApp unter<br><strong>+20 102 039 7055<\/strong><br>und reservieren Sie Ihren PADI Tauchkurs oder Ihr Tauchpaket in Hurghada.<\/p>\n","protected":false},"excerpt":{"rendered":"<p>Unsere Tauchen Hurghada Preise sind transparent und fair kalkuliert. Hier finden Sie unsere aktuellen Preise f\u00fcr PADI Tauchkurse und t\u00e4gliches Tauchen in Hurghada. Alle Preise sind transparent und beinhalten professionelle Betreuung, moderne Ausr\u00fcstung sowie Transfers innerhalb von Hurghada. PADI Tauchkurse PADI Open Water Kurs \u2013 350\u20ac \u2714 Dauer: 3\u20134 Tage\u2714 Internationale PADI-Zertifizierung\u2714 Komplette Tauchausr\u00fcstung inklusive\u2714 [&hellip;]<\/p>\n","protected":false},"author":3,"featured_media":19760,"parent":0,"menu_order":0,"comment_status":"closed","ping_status":"closed","template":"","meta":{"om_disable_all_campaigns":false,"_monsterinsights_skip_tracking":false,"_monsterinsights_sitenote_active":false,"_monsterinsights_sitenote_note":"","_monsterinsights_sitenote_category":0,"footnotes":""},"class_list":["post-19911","page","type-page","status-publish","has-post-thumbnail","hentry"],"yoast_head":"<!-- This site is optimized with the Yoast SEO Premium plugin v23.3 (Yoast SEO v25.4) - https:\/\/yoast.com\/wordpress\/plugins\/seo\/ -->\n<title>Tauchen Hurghada Preise - T\u00e4gliches Tauchen &amp; PADI Kurse<\/title>\n<meta name=\"description\" content=\"Preise f\u00fcr Tauchen in Hurghada: t\u00e4gliches Tauchen, PADI Kurse und Tauchpakete im Roten Meer inklusive Transfers und Ausr\u00fcstung.\" \/>\n<meta name=\"robots\" content=\"index, follow, max-snippet:-1, max-image-preview:large, max-video-preview:-1\" \/>\n<link rel=\"canonical\" href=\"https:\/\/divenemo.com\/de\/tauchen-hurghada-preise\/\" \/>\n<meta property=\"og:locale\" content=\"en_US\" \/>\n<meta property=\"og:type\" content=\"article\" \/>\n<meta property=\"og:title\" content=\"Tauchen Hurghada preise\" \/>\n<meta property=\"og:description\" content=\"Preise f\u00fcr Tauchen in Hurghada: t\u00e4gliches Tauchen, PADI Kurse und Tauchpakete im Roten Meer inklusive Transfers und Ausr\u00fcstung.\" \/>\n<meta property=\"og:url\" content=\"https:\/\/divenemo.com\/de\/tauchen-hurghada-preise\/\" \/>\n<meta property=\"og:site_name\" content=\"Dive Nemo\" \/>\n<meta property=\"article:publisher\" content=\"https:\/\/www.facebook.com\/DiveNemoHurghada\/\" \/>\n<meta property=\"article:modified_time\" content=\"2026-04-18T07:42:37+00:00\" \/>\n<meta property=\"og:image\" content=\"https:\/\/divenemo.com\/de\/wp-content\/uploads\/2025\/11\/PADI-Tauchkurse-Hurghada.webp\" \/>\n\t<meta property=\"og:image:width\" content=\"1200\" \/>\n\t<meta property=\"og:image:height\" content=\"800\" \/>\n\t<meta property=\"og:image:type\" content=\"image\/webp\" \/>\n<meta name=\"twitter:card\" content=\"summary_large_image\" \/>\n<meta name=\"twitter:label1\" content=\"Est. reading time\" \/>\n\t<meta name=\"twitter:data1\" content=\"2 minutes\" \/>\n<script type=\"application\/ld+json\" class=\"yoast-schema-graph\">{\"@context\":\"https:\/\/schema.org\",\"@graph\":[{\"@type\":\"WebPage\",\"@id\":\"https:\/\/divenemo.com\/de\/tauchen-hurghada-preise\/\",\"url\":\"https:\/\/divenemo.com\/de\/tauchen-hurghada-preise\/\",\"name\":\"Tauchen Hurghada Preise - T\u00e4gliches Tauchen & PADI Kurse\",\"isPartOf\":{\"@id\":\"https:\/\/divenemo.com\/de\/#website\"},\"primaryImageOfPage\":{\"@id\":\"https:\/\/divenemo.com\/de\/tauchen-hurghada-preise\/#primaryimage\"},\"image\":{\"@id\":\"https:\/\/divenemo.com\/de\/tauchen-hurghada-preise\/#primaryimage\"},\"thumbnailUrl\":\"https:\/\/divenemo.com\/de\/wp-content\/uploads\/2025\/11\/PADI-Tauchkurse-Hurghada.webp\",\"datePublished\":\"2026-02-19T21:40:56+00:00\",\"dateModified\":\"2026-04-18T07:42:37+00:00\",\"description\":\"Preise f\u00fcr Tauchen in Hurghada: t\u00e4gliches Tauchen, PADI Kurse und Tauchpakete im Roten Meer inklusive Transfers und Ausr\u00fcstung.\",\"breadcrumb\":{\"@id\":\"https:\/\/divenemo.com\/de\/tauchen-hurghada-preise\/#breadcrumb\"},\"inLanguage\":\"en-US\",\"potentialAction\":[{\"@type\":\"ReadAction\",\"target\":[\"https:\/\/divenemo.com\/de\/tauchen-hurghada-preise\/\"]}]},{\"@type\":\"ImageObject\",\"inLanguage\":\"en-US\",\"@id\":\"https:\/\/divenemo.com\/de\/tauchen-hurghada-preise\/#primaryimage\",\"url\":\"https:\/\/divenemo.com\/de\/wp-content\/uploads\/2025\/11\/PADI-Tauchkurse-Hurghada.webp\",\"contentUrl\":\"https:\/\/divenemo.com\/de\/wp-content\/uploads\/2025\/11\/PADI-Tauchkurse-Hurghada.webp\",\"width\":1200,\"height\":800,\"caption\":\"7 Tage Tauchen Hurghada im Roten Meer\"},{\"@type\":\"BreadcrumbList\",\"@id\":\"https:\/\/divenemo.com\/de\/tauchen-hurghada-preise\/#breadcrumb\",\"itemListElement\":[{\"@type\":\"ListItem\",\"position\":1,\"name\":\"Home\",\"item\":\"https:\/\/divenemo.com\/de\/\"},{\"@type\":\"ListItem\",\"position\":2,\"name\":\"Tauchen Hurghada preise\"}]},{\"@type\":\"WebSite\",\"@id\":\"https:\/\/divenemo.com\/de\/#website\",\"url\":\"https:\/\/divenemo.com\/de\/\",\"name\":\"Dive Nemo\",\"description\":\"Taucherfahrungen und -kurse, Tauchen in Hurghada an Bord und von Land aus\",\"publisher\":{\"@id\":\"https:\/\/divenemo.com\/de\/#organization\"},\"potentialAction\":[{\"@type\":\"SearchAction\",\"target\":{\"@type\":\"EntryPoint\",\"urlTemplate\":\"https:\/\/divenemo.com\/de\/?s={search_term_string}\"},\"query-input\":{\"@type\":\"PropertyValueSpecification\",\"valueRequired\":true,\"valueName\":\"search_term_string\"}}],\"inLanguage\":\"en-US\"},{\"@type\":\"Organization\",\"@id\":\"https:\/\/divenemo.com\/de\/#organization\",\"name\":\"Dive Nemo\",\"url\":\"https:\/\/divenemo.com\/de\/\",\"logo\":{\"@type\":\"ImageObject\",\"inLanguage\":\"en-US\",\"@id\":\"https:\/\/divenemo.com\/de\/#\/schema\/logo\/image\/\",\"url\":\"https:\/\/divenemo.com\/de\/wp-content\/uploads\/2025\/04\/Dive-Nemo-Hurghada.png\",\"contentUrl\":\"https:\/\/divenemo.com\/de\/wp-content\/uploads\/2025\/04\/Dive-Nemo-Hurghada.png\",\"width\":276,\"height\":309,\"caption\":\"Dive Nemo\"},\"image\":{\"@id\":\"https:\/\/divenemo.com\/de\/#\/schema\/logo\/image\/\"},\"sameAs\":[\"https:\/\/www.facebook.com\/DiveNemoHurghada\/\"],\"ownershipFundingInfo\":\"https:\/\/divenemo.com\/de\/divenemo-diving-center-hurghada\/\",\"actionableFeedbackPolicy\":\"https:\/\/divenemo.com\/de\/datenschutzerklarung\/\"}]}<\/script>\n<!-- \/ Yoast SEO Premium plugin. -->","yoast_head_json":{"title":"Tauchen Hurghada Preise - T\u00e4gliches Tauchen & PADI Kurse","description":"Preise f\u00fcr Tauchen in Hurghada: t\u00e4gliches Tauchen, PADI Kurse und Tauchpakete im Roten Meer inklusive Transfers und Ausr\u00fcstung.","robots":{"index":"index","follow":"follow","max-snippet":"max-snippet:-1","max-image-preview":"max-image-preview:large","max-video-preview":"max-video-preview:-1"},"canonical":"https:\/\/divenemo.com\/de\/tauchen-hurghada-preise\/","og_locale":"en_US","og_type":"article","og_title":"Tauchen Hurghada preise","og_description":"Preise f\u00fcr Tauchen in Hurghada: t\u00e4gliches Tauchen, PADI Kurse und Tauchpakete im Roten Meer inklusive Transfers und Ausr\u00fcstung.","og_url":"https:\/\/divenemo.com\/de\/tauchen-hurghada-preise\/","og_site_name":"Dive Nemo","article_publisher":"https:\/\/www.facebook.com\/DiveNemoHurghada\/","article_modified_time":"2026-04-18T07:42:37+00:00","og_image":[{"width":1200,"height":800,"url":"https:\/\/divenemo.com\/de\/wp-content\/uploads\/2025\/11\/PADI-Tauchkurse-Hurghada.webp","type":"image\/webp"}],"twitter_card":"summary_large_image","twitter_misc":{"Est. reading time":"2 minutes"},"schema":{"@context":"https:\/\/schema.org","@graph":[{"@type":"WebPage","@id":"https:\/\/divenemo.com\/de\/tauchen-hurghada-preise\/","url":"https:\/\/divenemo.com\/de\/tauchen-hurghada-preise\/","name":"Tauchen Hurghada Preise - T\u00e4gliches Tauchen & PADI Kurse","isPartOf":{"@id":"https:\/\/divenemo.com\/de\/#website"},"primaryImageOfPage":{"@id":"https:\/\/divenemo.com\/de\/tauchen-hurghada-preise\/#primaryimage"},"image":{"@id":"https:\/\/divenemo.com\/de\/tauchen-hurghada-preise\/#primaryimage"},"thumbnailUrl":"https:\/\/divenemo.com\/de\/wp-content\/uploads\/2025\/11\/PADI-Tauchkurse-Hurghada.webp","datePublished":"2026-02-19T21:40:56+00:00","dateModified":"2026-04-18T07:42:37+00:00","description":"Preise f\u00fcr Tauchen in Hurghada: t\u00e4gliches Tauchen, PADI Kurse und Tauchpakete im Roten Meer inklusive Transfers und Ausr\u00fcstung.","breadcrumb":{"@id":"https:\/\/divenemo.com\/de\/tauchen-hurghada-preise\/#breadcrumb"},"inLanguage":"en-US","potentialAction":[{"@type":"ReadAction","target":["https:\/\/divenemo.com\/de\/tauchen-hurghada-preise\/"]}]},{"@type":"ImageObject","inLanguage":"en-US","@id":"https:\/\/divenemo.com\/de\/tauchen-hurghada-preise\/#primaryimage","url":"https:\/\/divenemo.com\/de\/wp-content\/uploads\/2025\/11\/PADI-Tauchkurse-Hurghada.webp","contentUrl":"https:\/\/divenemo.com\/de\/wp-content\/uploads\/2025\/11\/PADI-Tauchkurse-Hurghada.webp","width":1200,"height":800,"caption":"7 Tage Tauchen Hurghada im Roten Meer"},{"@type":"BreadcrumbList","@id":"https:\/\/divenemo.com\/de\/tauchen-hurghada-preise\/#breadcrumb","itemListElement":[{"@type":"ListItem","position":1,"name":"Home","item":"https:\/\/divenemo.com\/de\/"},{"@type":"ListItem","position":2,"name":"Tauchen Hurghada preise"}]},{"@type":"WebSite","@id":"https:\/\/divenemo.com\/de\/#website","url":"https:\/\/divenemo.com\/de\/","name":"Dive Nemo","description":"Taucherfahrungen und -kurse, Tauchen in Hurghada an Bord und von Land aus","publisher":{"@id":"https:\/\/divenemo.com\/de\/#organization"},"potentialAction":[{"@type":"SearchAction","target":{"@type":"EntryPoint","urlTemplate":"https:\/\/divenemo.com\/de\/?s={search_term_string}"},"query-input":{"@type":"PropertyValueSpecification","valueRequired":true,"valueName":"search_term_string"}}],"inLanguage":"en-US"},{"@type":"Organization","@id":"https:\/\/divenemo.com\/de\/#organization","name":"Dive Nemo","url":"https:\/\/divenemo.com\/de\/","logo":{"@type":"ImageObject","inLanguage":"en-US","@id":"https:\/\/divenemo.com\/de\/#\/schema\/logo\/image\/","url":"https:\/\/divenemo.com\/de\/wp-content\/uploads\/2025\/04\/Dive-Nemo-Hurghada.png","contentUrl":"https:\/\/divenemo.com\/de\/wp-content\/uploads\/2025\/04\/Dive-Nemo-Hurghada.png","width":276,"height":309,"caption":"Dive Nemo"},"image":{"@id":"https:\/\/divenemo.com\/de\/#\/schema\/logo\/image\/"},"sameAs":["https:\/\/www.facebook.com\/DiveNemoHurghada\/"],"ownershipFundingInfo":"https:\/\/divenemo.com\/de\/divenemo-diving-center-hurghada\/","actionableFeedbackPolicy":"https:\/\/divenemo.com\/de\/datenschutzerklarung\/"}]}},"_links":{"self":[{"href":"https:\/\/divenemo.com\/de\/wp-json\/wp\/v2\/pages\/19911","targetHints":{"allow":["GET"]}}],"collection":[{"href":"https:\/\/divenemo.com\/de\/wp-json\/wp\/v2\/pages"}],"about":[{"href":"https:\/\/divenemo.com\/de\/wp-json\/wp\/v2\/types\/page"}],"author":[{"embeddable":true,"href":"https:\/\/divenemo.com\/de\/wp-json\/wp\/v2\/users\/3"}],"replies":[{"embeddable":true,"href":"https:\/\/divenemo.com\/de\/wp-json\/wp\/v2\/comments?post=19911"}],"version-history":[{"count":4,"href":"https:\/\/divenemo.com\/de\/wp-json\/wp\/v2\/pages\/19911\/revisions"}],"predecessor-version":[{"id":20403,"href":"https:\/\/divenemo.com\/de\/wp-json\/wp\/v2\/pages\/19911\/revisions\/20403"}],"wp:featuredmedia":[{"embeddable":true,"href":"https:\/\/divenemo.com\/de\/wp-json\/wp\/v2\/media\/19760"}],"wp:attachment":[{"href":"https:\/\/divenemo.com\/de\/wp-json\/wp\/v2\/media?parent=19911"}],"curies":[{"name":"wp","href":"https:\/\/api.w.org\/{rel}","templated":true}]}}